{"id":112,"date":"2024-09-04T07:46:14","date_gmt":"2024-09-04T07:46:14","guid":{"rendered":"https:\/\/invt-drives.com\/?page_id=112"},"modified":"2026-04-08T08:47:23","modified_gmt":"2026-04-08T08:47:23","slug":"gd27-invt-frekvencni-pretvorniki","status":"publish","type":"page","link":"https:\/\/invt-drives.com\/index.php\/gd27-invt-frekvencni-pretvorniki\/","title":{"rendered":"GD27 INVT Frekven\u010dni pretvorniki"},"content":{"rendered":"<div id=\"pl-112\"  class=\"panel-layout\" ><div id=\"pg-112-0\"  class=\"panel-grid panel-no-style\" ><div id=\"pgc-112-0-0\"  class=\"panel-grid-cell\" ><div id=\"panel-112-0-0-0\" class=\"widget_text so-panel widget widget_custom_html panel-first-child panel-last-child\" data-index=\"0\" ><div class=\"textwidget custom-html-widget\"><!-- GD27 naslov - enoten stil kot homepage -->\n<div style=\"text-align:center; padding:60px 20px; max-width:900px; margin:0 auto;\">\n\n  <h2 style=\"\n      font-family: Arial, sans-serif;\n      font-size:2.4em;\n      font-weight:700;\n      color:#0a3d62;\n      margin-bottom:12px;\n      opacity:0;\n      transform:translateY(20px);\n      animation:fadeUp 0.8s forwards;\n      position:relative;\n      display:inline-block;\n  \">\n    GD27 frekven\u010dni pretvorniki\n  <\/h2>\n\n  <!-- underline -->\n  <div id=\"underline-gd27\" style=\"\n      width:0;\n      height:3px;\n      background:#0a3d62;\n      margin:10px auto 0 auto;\n      border-radius:2px;\n      transition: width 0.6s ease;\n  \"><\/div>\n\n  <!-- podnaslov -->\n  <p style=\"\n      font-family: Arial, sans-serif;\n      font-size:1.1em;\n      color:#555;\n      margin:15px auto 0 auto;\n      max-width:700px;\n      line-height:1.6;\n      opacity:0;\n      transform:translateY(10px);\n      animation:fadeUp 0.8s forwards 0.4s;\n  \">\n    Visokozmogljivi in zanesljivi frekven\u010dni pretvorniki za napredne industrijske aplikacije\n  <\/p>\n\n<\/div>\n\n<style>\n@keyframes fadeUp {\n  to {\n    opacity:1;\n    transform:translateY(0);\n  }\n}\n<\/style>\n\n<script>\nwindow.addEventListener('DOMContentLoaded', () => {\n  const u = document.getElementById('underline-gd27');\n  if(u) u.style.width = '40%';\n});\n<\/script><\/div><\/div><\/div><\/div><div id=\"pg-112-1\"  class=\"panel-grid panel-no-style\" ><div id=\"pgc-112-1-0\"  class=\"panel-grid-cell\" ><\/div><div id=\"pgc-112-1-1\"  class=\"panel-grid-cell\" ><div id=\"panel-112-1-1-0\" class=\"so-panel widget widget_sow-editor panel-first-child panel-last-child\" data-index=\"2\" ><div\n\t\t\t\n\t\t\tclass=\"so-widget-sow-editor so-widget-sow-editor-base\"\n\t\t\t\n\t\t>\n<div class=\"siteorigin-widget-tinymce textwidget\">\n\t<p style=\"font-size: 1.1em; margin-bottom: 15px;\">Frekven\u010dni pretvorniki proizvajalca <strong>INVT GD27<\/strong> so nova in zmogljiva serija do mo\u010di 7,5 kW. Serija je primerna za \u0161ir\u0161o uporabo v razli\u010dnih aplikacijah v industriji. Serijsko je vgrajena tudi zavorna enota.<\/p>\n<p>Verzije <strong>EU<\/strong> imajo vgrajeno <strong>STO (Safety Stop)<\/strong> in <strong>EMC filter<\/strong>.<\/p>\n<p><strong>Razpon mo\u010di:<\/strong><br \/>\n1 Fazni 200V ~ 240V AC: 0,4 kW - 2,2 kW<br \/>\n3 Fazni 200V ~ 240V AC: 0,4 kW - 4 kW<br \/>\n3 Fazni 380V ~ 480V AC: 0,75 kW - 7,5 kW<\/p>\n<\/div>\n<\/div><\/div><\/div><\/div><div id=\"pg-112-2\"  class=\"panel-grid panel-no-style\" ><div id=\"pgc-112-2-0\"  class=\"panel-grid-cell\" ><div id=\"panel-112-2-0-0\" class=\"so-panel widget widget_sow-editor panel-first-child panel-last-child\" data-index=\"3\" ><div\n\t\t\t\n\t\t\tclass=\"so-widget-sow-editor so-widget-sow-editor-base\"\n\t\t\t\n\t\t>\n<div class=\"siteorigin-widget-tinymce textwidget\">\n\t<p><!-- GD27 opis - enoten in \u010dist blok --><\/p>\n<div style=\"width: 100%; display: flex; justify-content: center; padding: 40px 20px; box-sizing: border-box;\">\n<div style=\"max-width: 900px; width: 100%; background: #f9f9f9; border-radius: 12px; box-shadow: 0 8px 25px rgba(0,0,0,0.06); padding: 30px; font-family: Arial, sans-serif; color: #333; line-height: 1.7;\">\n<h2 style=\"text-align: center; color: #0a3d62; font-size: 2em; margin-bottom: 20px;\">Prednosti serije GD27<\/h2>\n<p><!-- underline --><\/p>\n<div style=\"width: 50px; height: 3px; background: #0a3d62; margin: 0 auto 25px auto; border-radius: 2px;\"><\/div>\n<h3 style=\"font-size: 1.2em; margin-bottom: 10px; color: #0a3d62;\">Vektorsko krmiljenje in funkcionalnosti<\/h3>\n<ul style=\"margin-bottom: 20px; padding-left: 20px;\">\n<li>Vektorsko krmiljenje brez senzorjev in krmiljenje sinhronega motorja s trajnimi magneti<\/li>\n<li>Vgrajena zavorna enota<\/li>\n<li>Vgrajena komunikacija Modbus<\/li>\n<li>Podpora za ve\u010dstopenjsko hitrost in preprosto krmiljenje PLC-ja<\/li>\n<li>Za modele EU vgrajen STO (Safety Stop) in EMC filter<\/li>\n<\/ul>\n<h3 style=\"font-size: 1.2em; margin-bottom: 10px; color: #0a3d62;\">Enostavnost uporabe<\/h3>\n<ul style=\"margin-bottom: 20px; padding-left: 20px;\">\n<li>Uporabniku prijazen operacijski vmesnik, preprosta struktura parametrov, kopiranje in prenos parametrov z enim klikom<\/li>\n<li>Kompaktna velikost in zasnova brez pokrova za elektri\u010dne priklju\u010dke omogo\u010da la\u017ejo in hitrej\u0161o namestitev<\/li>\n<\/ul>\n<h3 style=\"font-size: 1.2em; margin-bottom: 10px; color: #0a3d62;\">Prihranek \u010dasa in izbolj\u0161anje u\u010dinkovitosti<\/h3>\n<ul style=\"margin-bottom: 20px; padding-left: 20px;\">\n<li>VFD-je GD27 je mogo\u010de namestiti drug ob drugem, da prihranite prostor v omari<\/li>\n<li>Pritisni krmilni terminali z vzmeti omogo\u010dajo hitro o\u017ei\u010denje brez orodja<\/li>\n<\/ul>\n<h3 style=\"font-size: 1.2em; margin-bottom: 10px; color: #0a3d62;\">Aplikacije<\/h3>\n<p style=\"margin-bottom: 0;\">Predvsem zaradi svoje vektorske krmilne platforme je serija GD27 primerna za ve\u010dino aplikacij v moderni industriji.<\/p>\n<\/div>\n<\/div>\n<\/div>\n<\/div><\/div><\/div><div id=\"pgc-112-2-1\"  class=\"panel-grid-cell\" ><div id=\"panel-112-2-1-0\" class=\"so-panel widget widget_media_video panel-first-child panel-last-child\" data-index=\"4\" ><div style=\"width:100%;\" class=\"wp-video\"><video class=\"wp-video-shortcode\" id=\"video-112-1\" preload=\"metadata\" controls=\"controls\"><source type=\"video\/mp4\" src=\"https:\/\/invt-drives.com\/wp-content\/uploads\/2024\/09\/GD27.mp4?_=1\" \/><source type=\"video\/mp4\" src=\"https:\/\/invt-drives.com\/wp-content\/uploads\/2024\/09\/GD27.mp4?_=1\" \/><a href=\"https:\/\/invt-drives.com\/wp-content\/uploads\/2024\/09\/GD27.mp4\">https:\/\/invt-drives.com\/wp-content\/uploads\/2024\/09\/GD27.mp4<\/a><\/video><\/div><\/div><\/div><\/div><div id=\"pg-112-3\"  class=\"panel-grid panel-no-style\" ><div id=\"pgc-112-3-0\"  class=\"panel-grid-cell\" ><div id=\"panel-112-3-0-0\" class=\"so-panel widget widget_sow-editor panel-first-child panel-last-child\" data-index=\"5\" ><div\n\t\t\t\n\t\t\tclass=\"so-widget-sow-editor so-widget-sow-editor-base\"\n\t\t\t\n\t\t><h3 class=\"widget-title\">Katalogi:<\/h3>\n<div class=\"siteorigin-widget-tinymce textwidget\">\n\t<\/div>\n<\/div><\/div><\/div><\/div><div id=\"pg-112-4\"  class=\"panel-grid panel-no-style\" ><div id=\"pgc-112-4-0\"  class=\"panel-grid-cell\" ><div id=\"panel-112-4-0-0\" class=\"so-panel widget widget_sow-button panel-first-child panel-last-child\" data-index=\"6\" ><div\n\t\t\t\n\t\t\tclass=\"so-widget-sow-button so-widget-sow-button-flat-36e22cfc6189-112\"\n\t\t\t\n\t\t><div class=\"ow-button-base ow-button-align-center\"\n>\n\t\t\t<a\n\t\t\t\t\thref=\"https:\/\/invt-drives.com\/wp-content\/uploads\/2024\/09\/GD27-Series-Smart-VFDs-Catalog_V1.0.pdf\"\n\t\t\t\t\tclass=\"sowb-button ow-icon-placement-left ow-button-hover\" target=\"_blank\" rel=\"noopener noreferrer\" download=\"\" \t>\n\t\t<span>\n\t\t\t<span class=\"sow-icon-fontawesome sow-far\" data-sow-icon=\"&#xf1c1;\"\n\t\tstyle=\"color: #dd3333\" \n\t\taria-hidden=\"true\"><\/span>\n\t\t\tINVT GD27 Katalog\t\t<\/span>\n\t\t\t<\/a>\n\t<\/div>\n<\/div><\/div><\/div><div id=\"pgc-112-4-1\"  class=\"panel-grid-cell panel-grid-cell-mobile-last\" ><div id=\"panel-112-4-1-0\" class=\"so-panel widget widget_sow-button panel-first-child panel-last-child\" data-index=\"7\" ><div\n\t\t\t\n\t\t\tclass=\"so-widget-sow-button so-widget-sow-button-flat-36e22cfc6189-112\"\n\t\t\t\n\t\t><div class=\"ow-button-base ow-button-align-center\"\n>\n\t\t\t<a\n\t\t\t\t\thref=\"https:\/\/invt-drives.com\/wp-content\/uploads\/2024\/09\/GD27-Series-Smart-VFD-Leaflets-V1.2.pdf\"\n\t\t\t\t\tclass=\"sowb-button ow-icon-placement-left ow-button-hover\" target=\"_blank\" rel=\"noopener noreferrer\" download=\"\" \t>\n\t\t<span>\n\t\t\t<span class=\"sow-icon-fontawesome sow-far\" data-sow-icon=\"&#xf1c1;\"\n\t\tstyle=\"color: #dd3333\" \n\t\taria-hidden=\"true\"><\/span>\n\t\t\tINVT GD27 Tehni\u010dni katalog\t\t<\/span>\n\t\t\t<\/a>\n\t<\/div>\n<\/div><\/div><\/div><div id=\"pgc-112-4-2\"  class=\"panel-grid-cell panel-grid-cell-empty\" ><\/div><\/div><div id=\"pg-112-5\"  class=\"panel-grid panel-no-style\" ><div id=\"pgc-112-5-0\"  class=\"panel-grid-cell\" ><div id=\"panel-112-5-0-0\" class=\"so-panel widget widget_sow-editor panel-first-child panel-last-child\" data-index=\"8\" ><div\n\t\t\t\n\t\t\tclass=\"so-widget-sow-editor so-widget-sow-editor-base\"\n\t\t\t\n\t\t><h3 class=\"widget-title\">Navodila za porabo:<\/h3>\n<div class=\"siteorigin-widget-tinymce textwidget\">\n\t<\/div>\n<\/div><\/div><\/div><\/div><div id=\"pg-112-6\"  class=\"panel-grid panel-no-style\" ><div id=\"pgc-112-6-0\"  class=\"panel-grid-cell\" ><div id=\"panel-112-6-0-0\" class=\"so-panel widget widget_sow-button panel-first-child panel-last-child\" data-index=\"9\" ><div\n\t\t\t\n\t\t\tclass=\"so-widget-sow-button so-widget-sow-button-flat-36e22cfc6189-112\"\n\t\t\t\n\t\t><div class=\"ow-button-base ow-button-align-center\"\n>\n\t\t\t<a\n\t\t\t\t\thref=\"https:\/\/invt-drives.com\/wp-content\/uploads\/2024\/09\/GD27-Series-Smart-VFD-Quick-Start-Guide_V1.2.pdf\"\n\t\t\t\t\tclass=\"sowb-button ow-icon-placement-left ow-button-hover\" target=\"_blank\" rel=\"noopener noreferrer\" download=\"\" \t>\n\t\t<span>\n\t\t\t<span class=\"sow-icon-fontawesome sow-far\" data-sow-icon=\"&#xf1c1;\"\n\t\tstyle=\"color: #dd3333\" \n\t\taria-hidden=\"true\"><\/span>\n\t\t\tINVT GD27 Hitra navodila za uporabo\t\t<\/span>\n\t\t\t<\/a>\n\t<\/div>\n<\/div><\/div><\/div><div id=\"pgc-112-6-1\"  class=\"panel-grid-cell panel-grid-cell-mobile-last\" ><div id=\"panel-112-6-1-0\" class=\"so-panel widget widget_sow-button panel-first-child panel-last-child\" data-index=\"10\" ><div\n\t\t\t\n\t\t\tclass=\"so-widget-sow-button so-widget-sow-button-flat-36e22cfc6189-112\"\n\t\t\t\n\t\t><div class=\"ow-button-base ow-button-align-center\"\n>\n\t\t\t<a\n\t\t\t\t\thref=\"https:\/\/invt-drives.com\/wp-content\/uploads\/2024\/09\/Goodrive27-Series-Smart-VFD-Manual_V1.2.pdf\"\n\t\t\t\t\tclass=\"sowb-button ow-icon-placement-left ow-button-hover\" target=\"_blank\" rel=\"noopener noreferrer\" download=\"\" \t>\n\t\t<span>\n\t\t\t<span class=\"sow-icon-fontawesome sow-far\" data-sow-icon=\"&#xf1c1;\"\n\t\tstyle=\"color: #dd3333\" \n\t\taria-hidden=\"true\"><\/span>\n\t\t\tINVT GD27 Navodila za uporabo\t\t<\/span>\n\t\t\t<\/a>\n\t<\/div>\n<\/div><\/div><\/div><div id=\"pgc-112-6-2\"  class=\"panel-grid-cell panel-grid-cell-empty\" ><\/div><\/div><div id=\"pg-112-7\"  class=\"panel-grid panel-no-style\" ><div id=\"pgc-112-7-0\"  class=\"panel-grid-cell\" ><div id=\"panel-112-7-0-0\" class=\"so-panel widget widget_sow-editor panel-first-child panel-last-child\" data-index=\"11\" ><div\n\t\t\t\n\t\t\tclass=\"so-widget-sow-editor so-widget-sow-editor-base\"\n\t\t\t\n\t\t><h3 class=\"widget-title\">Programska oprema:<\/h3>\n<div class=\"siteorigin-widget-tinymce textwidget\">\n\t<\/div>\n<\/div><\/div><\/div><\/div><div id=\"pg-112-8\"  class=\"panel-grid panel-no-style\" ><div id=\"pgc-112-8-0\"  class=\"panel-grid-cell\" ><div id=\"panel-112-8-0-0\" class=\"so-panel widget widget_sow-button panel-first-child panel-last-child\" data-index=\"12\" ><div\n\t\t\t\n\t\t\tclass=\"so-widget-sow-button so-widget-sow-button-flat-36e22cfc6189-112\"\n\t\t\t\n\t\t><div class=\"ow-button-base ow-button-align-center\"\n>\n\t\t\t<a\n\t\t\t\t\thref=\"https:\/\/invt-drives.com\/wp-content\/uploads\/2025\/06\/INVT-Workshop.zip\"\n\t\t\t\t\tclass=\"sowb-button ow-icon-placement-left ow-button-hover\" target=\"_blank\" rel=\"noopener noreferrer\" \t>\n\t\t<span>\n\t\t\t<span class=\"sow-icon-fontawesome sow-far\" data-sow-icon=\"&#xf07b;\"\n\t\tstyle=\"color: #dd3333\" \n\t\taria-hidden=\"true\"><\/span>\n\t\t\tINVT Workshop\t\t<\/span>\n\t\t\t<\/a>\n\t<\/div>\n<\/div><\/div><\/div><div id=\"pgc-112-8-1\"  class=\"panel-grid-cell panel-grid-cell-empty panel-grid-cell-mobile-last\" ><\/div><div id=\"pgc-112-8-2\"  class=\"panel-grid-cell panel-grid-cell-empty\" ><\/div><\/div><div id=\"pg-112-9\"  class=\"panel-grid panel-no-style\" ><div id=\"pgc-112-9-0\"  class=\"panel-grid-cell\" ><div id=\"panel-112-9-0-0\" class=\"so-panel widget widget_text panel-first-child panel-last-child\" data-index=\"13\" ><h3 class=\"widget-title\">Modeli:<\/h3>\t\t\t<div class=\"textwidget\"><p><!-- GD27 tabela frekven\u010dnih pretvornikov --><\/p>\n<div style=\"width: 100%; display: flex; justify-content: center; padding: 40px 20px; box-sizing: border-box;\">\n<div style=\"max-width: 700px; width: 100%; overflow-x: auto;\">\n<table style=\"width: 100%; border-collapse: collapse; font-family: Arial, sans-serif; font-size: 1em; text-align: center; box-shadow: 0 6px 20px rgba(0,0,0,0.05);\">\n<thead>\n<tr style=\"background: #0a3d62; color: #fff;\">\n<th style=\"padding: 12px; border-bottom: 2px solid #0073e6;\">Model<\/th>\n<th style=\"padding: 12px; border-bottom: 2px solid #0073e6;\">Dimenzije (H\u00d7W\u00d7D, mm)<\/th>\n<th style=\"padding: 12px; border-bottom: 2px solid #0073e6;\">Izhodni tok (A)<\/th>\n<\/tr>\n<\/thead>\n<tbody>\n<tr style=\"background: #f9f9f9;\">\n<td style=\"padding: 10px; border-bottom: 1px solid #ddd;\">GD27-0R4G-S2-B-XX<\/td>\n<td style=\"padding: 10px; border-bottom: 1px solid #ddd;\">180 \u00d7 100 \u00d7 140<\/td>\n<td style=\"padding: 10px; border-bottom: 1px solid #ddd;\">2,5<\/td>\n<\/tr>\n<tr>\n<td style=\"padding: 10px; border-bottom: 1px solid #ddd;\">GD27-0R7G-S2-B-XX<\/td>\n<td style=\"padding: 10px; border-bottom: 1px solid #ddd;\">180 \u00d7 100 \u00d7 140<\/td>\n<td style=\"padding: 10px; border-bottom: 1px solid #ddd;\">4,2<\/td>\n<\/tr>\n<tr style=\"background: #f9f9f9;\">\n<td style=\"padding: 10px; border-bottom: 1px solid #ddd;\">GD27-1R5G-S2-B-XX<\/td>\n<td style=\"padding: 10px; border-bottom: 1px solid #ddd;\">190 \u00d7 110 \u00d7 150<\/td>\n<td style=\"padding: 10px; border-bottom: 1px solid #ddd;\">7,5<\/td>\n<\/tr>\n<tr>\n<td style=\"padding: 10px; border-bottom: 1px solid #ddd;\">GD27-2R2G-S2-B-XX<\/td>\n<td style=\"padding: 10px; border-bottom: 1px solid #ddd;\">190 \u00d7 110 \u00d7 150<\/td>\n<td style=\"padding: 10px; border-bottom: 1px solid #ddd;\">10<\/td>\n<\/tr>\n<tr style=\"background: #f9f9f9;\">\n<td style=\"padding: 10px; border-bottom: 1px solid #ddd;\">GD27-0R4G-2-B-EU<\/td>\n<td style=\"padding: 10px; border-bottom: 1px solid #ddd;\">180 \u00d7 100 \u00d7 140<\/td>\n<td style=\"padding: 10px; border-bottom: 1px solid #ddd;\">2,5<\/td>\n<\/tr>\n<tr>\n<td style=\"padding: 10px; border-bottom: 1px solid #ddd;\">GD27-0R7G-2-B-EU<\/td>\n<td style=\"padding: 10px; border-bottom: 1px solid #ddd;\">180 \u00d7 100 \u00d7 140<\/td>\n<td style=\"padding: 10px; border-bottom: 1px solid #ddd;\">4,2<\/td>\n<\/tr>\n<tr style=\"background: #f9f9f9;\">\n<td style=\"padding: 10px; border-bottom: 1px solid #ddd;\">GD27-1R5G-2-B-EU<\/td>\n<td style=\"padding: 10px; border-bottom: 1px solid #ddd;\">190 \u00d7 110 \u00d7 150<\/td>\n<td style=\"padding: 10px; border-bottom: 1px solid #ddd;\">7,5<\/td>\n<\/tr>\n<tr>\n<td style=\"padding: 10px; border-bottom: 1px solid #ddd;\">GD27-2R2G-2-B-EU<\/td>\n<td style=\"padding: 10px; border-bottom: 1px solid #ddd;\">190 \u00d7 110 \u00d7 150<\/td>\n<td style=\"padding: 10px; border-bottom: 1px solid #ddd;\">10<\/td>\n<\/tr>\n<tr style=\"background: #f9f9f9;\">\n<td style=\"padding: 10px; border-bottom: 1px solid #ddd;\">GD27-004G-2-B-EU<\/td>\n<td style=\"padding: 10px; border-bottom: 1px solid #ddd;\">220 \u00d7 120 \u00d7 170<\/td>\n<td style=\"padding: 10px; border-bottom: 1px solid #ddd;\">16<\/td>\n<\/tr>\n<p><!-- dodaj ostale vrstice po istem vzorcu --><\/tbody>\n<\/table>\n<\/div>\n<\/div>\n<\/div>\n\t\t<\/div><\/div><\/div><\/div>","protected":false},"excerpt":{"rendered":"<p>Frekven\u010dni pretvorniki proizvajalca INVT GD27 so nova in zmogljiva serija do mo\u010di 7,5 kW. Serija je primerna za \u0161ir\u0161o uporabo v razli\u010dnih aplikacijah v industriji. Serijsko je vgrajena tudi zavorna [&hellip;]<\/p>\n","protected":false},"author":1,"featured_media":0,"parent":0,"menu_order":0,"comment_status":"closed","ping_status":"closed","template":"","meta":{"footnotes":""},"class_list":["post-112","page","type-page","status-publish","hentry"],"_links":{"self":[{"href":"https:\/\/invt-drives.com\/index.php\/wp-json\/wp\/v2\/pages\/112","targetHints":{"allow":["GET"]}}],"collection":[{"href":"https:\/\/invt-drives.com\/index.php\/wp-json\/wp\/v2\/pages"}],"about":[{"href":"https:\/\/invt-drives.com\/index.php\/wp-json\/wp\/v2\/types\/page"}],"author":[{"embeddable":true,"href":"https:\/\/invt-drives.com\/index.php\/wp-json\/wp\/v2\/users\/1"}],"replies":[{"embeddable":true,"href":"https:\/\/invt-drives.com\/index.php\/wp-json\/wp\/v2\/comments?post=112"}],"version-history":[{"count":17,"href":"https:\/\/invt-drives.com\/index.php\/wp-json\/wp\/v2\/pages\/112\/revisions"}],"predecessor-version":[{"id":598,"href":"https:\/\/invt-drives.com\/index.php\/wp-json\/wp\/v2\/pages\/112\/revisions\/598"}],"wp:attachment":[{"href":"https:\/\/invt-drives.com\/index.php\/wp-json\/wp\/v2\/media?parent=112"}],"curies":[{"name":"wp","href":"https:\/\/api.w.org\/{rel}","templated":true}]}}