{"id":123,"date":"2024-09-04T07:47:54","date_gmt":"2024-09-04T07:47:54","guid":{"rendered":"https:\/\/invt-drives.com\/?page_id=123"},"modified":"2026-04-08T09:03:18","modified_gmt":"2026-04-08T09:03:18","slug":"gd350-invt-frekvencni-pretvorniki-ip5455","status":"publish","type":"page","link":"https:\/\/invt-drives.com\/index.php\/gd350-invt-frekvencni-pretvorniki-ip5455\/","title":{"rendered":"GD350 INVT Frekven\u010dni pretvorniki IP55"},"content":{"rendered":"<div id=\"pl-123\"  class=\"panel-layout\" ><div id=\"pg-123-0\"  class=\"panel-grid panel-no-style\" ><div id=\"pgc-123-0-0\"  class=\"panel-grid-cell\" ><div id=\"panel-123-0-0-0\" class=\"widget_text so-panel widget widget_custom_html panel-first-child panel-last-child\" data-index=\"0\" ><div class=\"textwidget custom-html-widget\"><!-- GD350A naslov - enoten stil kot homepage -->\n<div style=\"text-align:center; padding:60px 20px; max-width:900px; margin:0 auto;\">\n\n  <h2 style=\"\n      font-family: Arial, sans-serif;\n      font-size:2.4em;\n      font-weight:700;\n      color:#0a3d62;\n      margin-bottom:12px;\n      opacity:0;\n      transform:translateY(20px);\n      animation:fadeUp 0.8s forwards;\n      position:relative;\n      display:inline-block;\n  \">\n    Frekven\u010dni pretvorniki GD350 v za\u0161\u010diti IP55\n  <\/h2>\n\n  <!-- underline -->\n  <div id=\"underline-gd350\" style=\"\n      width:0;\n      height:3px;\n      background:#0a3d62;\n      margin:10px auto 0 auto;\n      border-radius:2px;\n      transition: width 0.6s ease;\n  \"><\/div>\n\n  <!-- podnaslov -->\n  <p style=\"\n      font-family: Arial, sans-serif;\n      font-size:1.1em;\n      color:#555;\n      margin:15px auto 0 auto;\n      max-width:700px;\n      line-height:1.6;\n      opacity:0;\n      transform:translateY(10px);\n      animation:fadeUp 0.8s forwards 0.4s;\n  \">\n    Visokozmogljiva serija za industrijske aplikacije, primerna za raznovrstne pogonske sisteme\n  <\/p>\n\n<\/div>\n\n<style>\n@keyframes fadeUp {\n  to {\n    opacity:1;\n    transform:translateY(0);\n  }\n}\n<\/style>\n\n<script>\nwindow.addEventListener('DOMContentLoaded', () => {\n  const u = document.getElementById('underline-gd350');\n  if(u) u.style.width = '40%';\n});\n<\/script><\/div><\/div><\/div><\/div><div id=\"pg-123-1\"  class=\"panel-grid panel-no-style\" ><div id=\"pgc-123-1-0\"  class=\"panel-grid-cell\" ><\/div><div id=\"pgc-123-1-1\"  class=\"panel-grid-cell\" ><div id=\"panel-123-1-1-0\" class=\"so-panel widget widget_sow-editor panel-first-child panel-last-child\" data-index=\"2\" ><div\n\t\t\t\n\t\t\tclass=\"so-widget-sow-editor so-widget-sow-editor-base\"\n\t\t\t\n\t\t>\n<div class=\"siteorigin-widget-tinymce textwidget\">\n\t<p data-start=\"94\" data-end=\"425\"><strong data-start=\"94\" data-end=\"103\">GD350<\/strong> so popolnoma nova, <strong data-start=\"123\" data-end=\"174\">visokozmogljiva serija frekven\u010dnih pretvornikov<\/strong>, ki vklju\u010duje <strong data-start=\"189\" data-end=\"228\">nadzor hitrosti, navora in polo\u017eaja<\/strong>. Je \u0161iroko uporabna za <strong data-start=\"252\" data-end=\"303\">krmiljenje sinhronskih in asinhronskih motorjev<\/strong>. Nudi tudi razli\u010dne <strong data-start=\"324\" data-end=\"349\">raz\u0161iritvene mo\u017enosti<\/strong> s <strong data-start=\"352\" data-end=\"403\">PG kartico, PLC kartico, komunikacijsko kartico<\/strong> in <strong data-start=\"407\" data-end=\"422\" data-is-only-node=\"\">I\/O kartico<\/strong>.<\/p>\n<p data-start=\"427\" data-end=\"556\"><strong data-start=\"427\" data-end=\"451\">Stopnja za\u0161\u010dite IP55<\/strong>, kar pomeni, da <strong data-start=\"468\" data-end=\"509\">ne potrebuje vgradnje v elektro omaro<\/strong>. Predvsem uporabno pri <strong data-start=\"533\" data-end=\"553\">HVAC aplikacijah<\/strong>.<\/p>\n<p data-start=\"558\" data-end=\"628\">Mo\u017enost naro\u010dila verzije <strong data-start=\"583\" data-end=\"625\">brez ali s stikalom za vklop na ohi\u0161ju<\/strong>.<\/p>\n<\/div>\n<\/div><\/div><\/div><\/div><div id=\"pg-123-2\"  class=\"panel-grid panel-no-style\" ><div id=\"pgc-123-2-0\"  class=\"panel-grid-cell\" ><div id=\"panel-123-2-0-0\" class=\"so-panel widget widget_sow-editor panel-first-child panel-last-child\" data-index=\"3\" ><div\n\t\t\t\n\t\t\tclass=\"so-widget-sow-editor so-widget-sow-editor-base\"\n\t\t\t\n\t\t>\n<div class=\"siteorigin-widget-tinymce textwidget\">\n\t<p><!-- GD350 IP55 opis - enoten in \u010dist blok --><\/p>\n<div style=\"width: 100%; display: flex; justify-content: center; padding: 40px 20px; box-sizing: border-box;\">\n<div style=\"max-width: 900px; width: 100%; background: #f9f9f9; border-radius: 12px; box-shadow: 0 8px 25px rgba(0,0,0,0.06); padding: 30px; font-family: Arial, sans-serif; color: #333; line-height: 1.7;\">\n<h2 style=\"text-align: center; color: #0a3d62; font-size: 2em; margin-bottom: 20px;\">Prednosti serije GD350 IP55<\/h2>\n<p><!-- underline --><\/p>\n<div style=\"width: 50px; height: 3px; background: #0a3d62; margin: 0 auto 25px auto; border-radius: 2px;\"><\/div>\n<h3 style=\"font-size: 1.2em; margin-bottom: 10px; color: #0a3d62;\">Stopnja za\u0161\u010dite<\/h3>\n<ul style=\"margin-bottom: 20px; padding-left: 20px;\">\n<li>IP55, primerna za te\u017eka delovna okolja: prah, vodna para<\/li>\n<li>Podpira te\u017eke in lahke obremenitve (high &amp; normal duty), integrirana tipa G in P<\/li>\n<li>Vgrajena du\u0161ilka za mo\u010di 30\u2013110 kW<\/li>\n<\/ul>\n<h3 style=\"font-size: 1.2em; margin-bottom: 10px; color: #0a3d62;\">Krmiljenje in natan\u010dnost<\/h3>\n<ul style=\"margin-bottom: 20px; padding-left: 20px;\">\n<li>Podpora krmiljenja SVC in VC (zaprta zanka \/ closed loop) za asinhronske in sinhronske motorje<\/li>\n<li>Visoka natan\u010dnost nadzora hitrosti, polo\u017eaja, navora in hitro odzivnost<\/li>\n<\/ul>\n<h3 style=\"font-size: 1.2em; margin-bottom: 10px; color: #0a3d62;\">Komunikacija in raz\u0161iritve<\/h3>\n<ul style=\"margin-bottom: 20px; padding-left: 20px;\">\n<li>Podpora Ethernet, Profinet in ostale opcijske komunikacijske mo\u017enosti<\/li>\n<li>Mo\u017enost vgradnje do treh raz\u0161iritvenih kartic hkrati (samo 2 kartici do mo\u010di 7,5 kW)<\/li>\n<li>Podpora za opcijsko PG kartico za enkoderje: inkrementalni, rotacijski, itd.<\/li>\n<\/ul>\n<h3 style=\"font-size: 1.2em; margin-bottom: 10px; color: #0a3d62;\">Varnost in dodatki<\/h3>\n<ul style=\"margin-bottom: 20px; padding-left: 20px;\">\n<li>Vgrajena varnostna funkcija STO (Safe Torque Off, SIL2)<\/li>\n<li>Vgrajen C3 EMC filter, opcijsko C2<\/li>\n<li>LCD tipkovnica z ve\u010d funkcijami<\/li>\n<\/ul>\n<\/div>\n<\/div>\n<\/div>\n<\/div><\/div><\/div><div id=\"pgc-123-2-1\"  class=\"panel-grid-cell\" ><div id=\"panel-123-2-1-0\" class=\"so-panel widget widget_media_video panel-first-child panel-last-child\" data-index=\"4\" ><div style=\"width:100%;\" class=\"wp-video\"><video class=\"wp-video-shortcode\" id=\"video-123-1\" preload=\"metadata\" controls=\"controls\"><source type=\"video\/mp4\" src=\"https:\/\/invt-drives.com\/wp-content\/uploads\/2024\/09\/INVT-GD350-IP55-High-Protection-VFD.mp4?_=1\" \/><source type=\"video\/mp4\" src=\"https:\/\/invt-drives.com\/wp-content\/uploads\/2024\/09\/INVT-GD350-IP55-High-Protection-VFD.mp4?_=1\" \/><a href=\"https:\/\/invt-drives.com\/wp-content\/uploads\/2024\/09\/INVT-GD350-IP55-High-Protection-VFD.mp4\">https:\/\/invt-drives.com\/wp-content\/uploads\/2024\/09\/INVT-GD350-IP55-High-Protection-VFD.mp4<\/a><\/video><\/div><\/div><\/div><\/div><div id=\"pg-123-3\"  class=\"panel-grid panel-no-style\" ><div id=\"pgc-123-3-0\"  class=\"panel-grid-cell\" ><div id=\"panel-123-3-0-0\" class=\"so-panel widget widget_sow-editor panel-first-child panel-last-child\" data-index=\"5\" ><div\n\t\t\t\n\t\t\tclass=\"so-widget-sow-editor so-widget-sow-editor-base\"\n\t\t\t\n\t\t><h3 class=\"widget-title\">Katalogi:<\/h3>\n<div class=\"siteorigin-widget-tinymce textwidget\">\n\t<\/div>\n<\/div><\/div><\/div><\/div><div id=\"pg-123-4\"  class=\"panel-grid panel-no-style\" ><div id=\"pgc-123-4-0\"  class=\"panel-grid-cell\" ><div id=\"panel-123-4-0-0\" class=\"so-panel widget widget_sow-button panel-first-child panel-last-child\" data-index=\"6\" ><div\n\t\t\t\n\t\t\tclass=\"so-widget-sow-button so-widget-sow-button-flat-36e22cfc6189-123\"\n\t\t\t\n\t\t><div class=\"ow-button-base ow-button-align-center\"\n>\n\t\t\t<a\n\t\t\t\t\thref=\"https:\/\/invt-drives.com\/wp-content\/uploads\/2024\/09\/GD350-IP55-Catalgo-EN_V1.0-IP55.pdf\"\n\t\t\t\t\tclass=\"sowb-button ow-icon-placement-left ow-button-hover\" target=\"_blank\" rel=\"noopener noreferrer\" download=\"\" \t>\n\t\t<span>\n\t\t\t<span class=\"sow-icon-fontawesome sow-far\" data-sow-icon=\"&#xf1c1;\"\n\t\tstyle=\"color: #dd3333\" \n\t\taria-hidden=\"true\"><\/span>\n\t\t\tINVT GD350 IP55 Katalog\t\t<\/span>\n\t\t\t<\/a>\n\t<\/div>\n<\/div><\/div><\/div><div id=\"pgc-123-4-1\"  class=\"panel-grid-cell panel-grid-cell-empty panel-grid-cell-mobile-last\" ><\/div><div id=\"pgc-123-4-2\"  class=\"panel-grid-cell panel-grid-cell-empty\" ><\/div><\/div><div id=\"pg-123-5\"  class=\"panel-grid panel-no-style\" ><div id=\"pgc-123-5-0\"  class=\"panel-grid-cell\" ><div id=\"panel-123-5-0-0\" class=\"so-panel widget widget_sow-editor panel-first-child panel-last-child\" data-index=\"7\" ><div\n\t\t\t\n\t\t\tclass=\"so-widget-sow-editor so-widget-sow-editor-base\"\n\t\t\t\n\t\t><h3 class=\"widget-title\">Navodila za uporabo:<\/h3>\n<div class=\"siteorigin-widget-tinymce textwidget\">\n\t<\/div>\n<\/div><\/div><\/div><\/div><div id=\"pg-123-6\"  class=\"panel-grid panel-no-style\" ><div id=\"pgc-123-6-0\"  class=\"panel-grid-cell\" ><div id=\"panel-123-6-0-0\" class=\"so-panel widget widget_sow-button panel-first-child panel-last-child\" data-index=\"8\" ><div\n\t\t\t\n\t\t\tclass=\"so-widget-sow-button so-widget-sow-button-flat-36e22cfc6189-123\"\n\t\t\t\n\t\t><div class=\"ow-button-base ow-button-align-center\"\n>\n\t\t\t<a\n\t\t\t\t\thref=\"https:\/\/invt-drives.com\/wp-content\/uploads\/2024\/09\/INVT-VFD-General-Quick-Start-Guide_V1.0-IP55.pdf\"\n\t\t\t\t\tclass=\"sowb-button ow-icon-placement-left ow-button-hover\" target=\"_blank\" rel=\"noopener noreferrer\" download=\"\" \t>\n\t\t<span>\n\t\t\t<span class=\"sow-icon-fontawesome sow-far\" data-sow-icon=\"&#xf1c1;\"\n\t\tstyle=\"color: #dd3333\" \n\t\taria-hidden=\"true\"><\/span>\n\t\t\tINVT GD350 IP55 Hitra navodila za uporabo\t\t<\/span>\n\t\t\t<\/a>\n\t<\/div>\n<\/div><\/div><\/div><div id=\"pgc-123-6-1\"  class=\"panel-grid-cell panel-grid-cell-mobile-last\" ><div id=\"panel-123-6-1-0\" class=\"so-panel widget widget_sow-button panel-first-child panel-last-child\" data-index=\"9\" ><div\n\t\t\t\n\t\t\tclass=\"so-widget-sow-button so-widget-sow-button-flat-36e22cfc6189-123\"\n\t\t\t\n\t\t><div class=\"ow-button-base ow-button-align-center\"\n>\n\t\t\t<a\n\t\t\t\t\thref=\"https:\/\/invt-drives.com\/wp-content\/uploads\/2024\/09\/GD350-V1.4-Manual-IP55.pdf\"\n\t\t\t\t\tclass=\"sowb-button ow-icon-placement-left ow-button-hover\" target=\"_blank\" rel=\"noopener noreferrer\" download=\"\" \t>\n\t\t<span>\n\t\t\t<span class=\"sow-icon-fontawesome sow-far\" data-sow-icon=\"&#xf1c1;\"\n\t\tstyle=\"color: #dd3333\" \n\t\taria-hidden=\"true\"><\/span>\n\t\t\tINVT GD350 IP55 Navodila za uporabo\t\t<\/span>\n\t\t\t<\/a>\n\t<\/div>\n<\/div><\/div><\/div><div id=\"pgc-123-6-2\"  class=\"panel-grid-cell panel-grid-cell-empty\" ><\/div><\/div><div id=\"pg-123-7\"  class=\"panel-grid panel-no-style\" ><div id=\"pgc-123-7-0\"  class=\"panel-grid-cell\" ><div id=\"panel-123-7-0-0\" class=\"so-panel widget widget_sow-editor panel-first-child panel-last-child\" data-index=\"10\" ><div\n\t\t\t\n\t\t\tclass=\"so-widget-sow-editor so-widget-sow-editor-base\"\n\t\t\t\n\t\t><h3 class=\"widget-title\">Certifikati:<\/h3>\n<div class=\"siteorigin-widget-tinymce textwidget\">\n\t<\/div>\n<\/div><\/div><\/div><\/div><div id=\"pg-123-8\"  class=\"panel-grid panel-no-style\" ><div id=\"pgc-123-8-0\"  class=\"panel-grid-cell\" ><div id=\"panel-123-8-0-0\" class=\"so-panel widget widget_sow-button panel-first-child panel-last-child\" data-index=\"11\" ><div\n\t\t\t\n\t\t\tclass=\"so-widget-sow-button so-widget-sow-button-flat-36e22cfc6189-123\"\n\t\t\t\n\t\t><div class=\"ow-button-base ow-button-align-center\"\n>\n\t\t\t<a\n\t\t\t\t\thref=\"https:\/\/invt-drives.com\/wp-content\/uploads\/2024\/09\/GD350-IP55-CE-Declaration-IP55.pdf\"\n\t\t\t\t\tclass=\"sowb-button ow-icon-placement-left ow-button-hover\" target=\"_blank\" rel=\"noopener noreferrer\" download=\"\" \t>\n\t\t<span>\n\t\t\t<span class=\"sow-icon-fontawesome sow-far\" data-sow-icon=\"&#xf1c1;\"\n\t\tstyle=\"color: #dd3333\" \n\t\taria-hidden=\"true\"><\/span>\n\t\t\tINVT GD350 IP55 CE Certifikat\t\t<\/span>\n\t\t\t<\/a>\n\t<\/div>\n<\/div><\/div><\/div><div id=\"pgc-123-8-1\"  class=\"panel-grid-cell panel-grid-cell-empty panel-grid-cell-mobile-last\" ><\/div><div id=\"pgc-123-8-2\"  class=\"panel-grid-cell panel-grid-cell-empty\" ><\/div><\/div><div id=\"pg-123-9\"  class=\"panel-grid panel-no-style\" ><div id=\"pgc-123-9-0\"  class=\"panel-grid-cell\" ><div id=\"panel-123-9-0-0\" class=\"so-panel widget widget_sow-editor panel-first-child panel-last-child\" data-index=\"12\" ><div\n\t\t\t\n\t\t\tclass=\"so-widget-sow-editor so-widget-sow-editor-base\"\n\t\t\t\n\t\t><h3 class=\"widget-title\">Programska oprema:<\/h3>\n<div class=\"siteorigin-widget-tinymce textwidget\">\n\t<\/div>\n<\/div><\/div><\/div><\/div><div id=\"pg-123-10\"  class=\"panel-grid panel-no-style\" ><div id=\"pgc-123-10-0\"  class=\"panel-grid-cell\" ><div id=\"panel-123-10-0-0\" class=\"so-panel widget widget_sow-button panel-first-child panel-last-child\" data-index=\"13\" ><div\n\t\t\t\n\t\t\tclass=\"so-widget-sow-button so-widget-sow-button-flat-36e22cfc6189-123\"\n\t\t\t\n\t\t><div class=\"ow-button-base ow-button-align-center\"\n>\n\t\t\t<a\n\t\t\t\t\thref=\"https:\/\/invt-drives.com\/wp-content\/uploads\/2025\/06\/INVT-Workshop.zip\"\n\t\t\t\t\tclass=\"sowb-button ow-icon-placement-left ow-button-hover\" target=\"_blank\" rel=\"noopener noreferrer\" download=\"\" \t>\n\t\t<span>\n\t\t\t<span class=\"sow-icon-fontawesome sow-far\" data-sow-icon=\"&#xf07b;\"\n\t\tstyle=\"color: #dd3333\" \n\t\taria-hidden=\"true\"><\/span>\n\t\t\tINVT Workshop\t\t<\/span>\n\t\t\t<\/a>\n\t<\/div>\n<\/div><\/div><\/div><div id=\"pgc-123-10-1\"  class=\"panel-grid-cell panel-grid-cell-empty panel-grid-cell-mobile-last\" ><\/div><div id=\"pgc-123-10-2\"  class=\"panel-grid-cell panel-grid-cell-empty\" ><\/div><\/div><div id=\"pg-123-11\"  class=\"panel-grid panel-no-style\" ><div id=\"pgc-123-11-0\"  class=\"panel-grid-cell\" ><div id=\"panel-123-11-0-0\" class=\"so-panel widget widget_text panel-first-child panel-last-child\" data-index=\"14\" ><h3 class=\"widget-title\">Modeli:<\/h3>\t\t\t<div class=\"textwidget\"><p><!-- GD350 tabela - celoten seznam modelov --><\/p>\n<div style=\"width: 100%; display: flex; justify-content: center; padding: 40px 20px; box-sizing: border-box;\">\n<div style=\"max-width: 900px; width: 100%; background: #f9f9f9; border-radius: 12px; box-shadow: 0 8px 25px rgba(0,0,0,0.06); padding: 30px; font-family: Arial, sans-serif; color: #333; line-height: 1.6;\">\n<table style=\"width: 100%; border-collapse: collapse;\">\n<thead>\n<tr style=\"background: #0a3d62; color: #fff; text-align: center;\">\n<th style=\"padding: 10px; border: 1px solid #ddd;\">Model<\/th>\n<th style=\"padding: 10px; border: 1px solid #ddd;\">Dimenzije (H\u00d7W\u00d7D, mm)<\/th>\n<th style=\"padding: 10px; border: 1px solid #ddd;\">Izhodni tok (A)<\/th>\n<\/tr>\n<\/thead>\n<tbody><!-- vsaka druga vrstica s svetlo sivo barvo --><\/p>\n<tr style=\"text-align: center;\">\n<td style=\"padding: 8px; border: 1px solid #ddd;\">GD350-004G\/5R5P-45-AS<\/td>\n<td style=\"padding: 8px; border: 1px solid #ddd;\">428.5 \u00d7 196 \u00d7 227<\/td>\n<td style=\"padding: 8px; border: 1px solid #ddd;\">9,5<\/td>\n<\/tr>\n<tr style=\"text-align: center; background: #f1f1f1;\">\n<td style=\"padding: 8px; border: 1px solid #ddd;\">GD350-004G\/5R5P-45-NS<\/td>\n<td style=\"padding: 8px; border: 1px solid #ddd;\">428.5 \u00d7 196 \u00d7 227<\/td>\n<td style=\"padding: 8px; border: 1px solid #ddd;\">9,5<\/td>\n<\/tr>\n<tr style=\"text-align: center;\">\n<td style=\"padding: 8px; border: 1px solid #ddd;\">GD350-5R5G\/7R5P-45-AS<\/td>\n<td style=\"padding: 8px; border: 1px solid #ddd;\">428.5 \u00d7 196 \u00d7 262.8<\/td>\n<td style=\"padding: 8px; border: 1px solid #ddd;\">14<\/td>\n<\/tr>\n<tr style=\"text-align: center; background: #f1f1f1;\">\n<td style=\"padding: 8px; border: 1px solid #ddd;\">GD350-5R5G\/7R5P-45-NS<\/td>\n<td style=\"padding: 8px; border: 1px solid #ddd;\">428.5 \u00d7 196 \u00d7 262.8<\/td>\n<td style=\"padding: 8px; border: 1px solid #ddd;\">14<\/td>\n<\/tr>\n<tr style=\"text-align: center;\">\n<td style=\"padding: 8px; border: 1px solid #ddd;\">GD350-7R5G\/011P-45-AS<\/td>\n<td style=\"padding: 8px; border: 1px solid #ddd;\">503.8 \u00d7 223 \u00d7 250.7<\/td>\n<td style=\"padding: 8px; border: 1px solid #ddd;\">18,5<\/td>\n<\/tr>\n<tr style=\"text-align: center; background: #f1f1f1;\">\n<td style=\"padding: 8px; border: 1px solid #ddd;\">GD350-7R5G\/011P-45-NS<\/td>\n<td style=\"padding: 8px; border: 1px solid #ddd;\">503.8 \u00d7 223 \u00d7 250.7<\/td>\n<td style=\"padding: 8px; border: 1px solid #ddd;\">18,5<\/td>\n<\/tr>\n<tr style=\"text-align: center;\">\n<td style=\"padding: 8px; border: 1px solid #ddd;\">GD350-011G\/015P-45-AS<\/td>\n<td style=\"padding: 8px; border: 1px solid #ddd;\">551.5 \u00d7 274 \u00d7 246<\/td>\n<td style=\"padding: 8px; border: 1px solid #ddd;\">25<\/td>\n<\/tr>\n<tr style=\"text-align: center; background: #f1f1f1;\">\n<td style=\"padding: 8px; border: 1px solid #ddd;\">GD350-011G\/015P-45-NS<\/td>\n<td style=\"padding: 8px; border: 1px solid #ddd;\">551.5 \u00d7 274 \u00d7 246<\/td>\n<td style=\"padding: 8px; border: 1px solid #ddd;\">25<\/td>\n<\/tr>\n<tr style=\"text-align: center;\">\n<td style=\"padding: 8px; border: 1px solid #ddd;\">GD350-015G\/018P-45-AS<\/td>\n<td style=\"padding: 8px; border: 1px solid #ddd;\">551.5 \u00d7 274 \u00d7 281.8<\/td>\n<td style=\"padding: 8px; border: 1px solid #ddd;\">32<\/td>\n<\/tr>\n<tr style=\"text-align: center; background: #f1f1f1;\">\n<td style=\"padding: 8px; border: 1px solid #ddd;\">GD350-015G\/018P-45-NS<\/td>\n<td style=\"padding: 8px; border: 1px solid #ddd;\">551.5 \u00d7 274 \u00d7 281.8<\/td>\n<td style=\"padding: 8px; border: 1px solid #ddd;\">32<\/td>\n<\/tr>\n<tr style=\"text-align: center;\">\n<td style=\"padding: 8px; border: 1px solid #ddd;\">GD350-018G\/022P-45-AS<\/td>\n<td style=\"padding: 8px; border: 1px solid #ddd;\">619 \u00d7 318 \u00d7 242.9<\/td>\n<td style=\"padding: 8px; border: 1px solid #ddd;\">38<\/td>\n<\/tr>\n<tr style=\"text-align: center; background: #f1f1f1;\">\n<td style=\"padding: 8px; border: 1px solid #ddd;\">GD350-018G\/022P-45-NS<\/td>\n<td style=\"padding: 8px; border: 1px solid #ddd;\">619 \u00d7 318 \u00d7 242.9<\/td>\n<td style=\"padding: 8px; border: 1px solid #ddd;\">38<\/td>\n<\/tr>\n<tr style=\"text-align: center;\">\n<td style=\"padding: 8px; border: 1px solid #ddd;\">GD350-022G\/030P-45-AS<\/td>\n<td style=\"padding: 8px; border: 1px solid #ddd;\">619 \u00d7 318 \u00d7 290<\/td>\n<td style=\"padding: 8px; border: 1px solid #ddd;\">45<\/td>\n<\/tr>\n<tr style=\"text-align: center; background: #f1f1f1;\">\n<td style=\"padding: 8px; border: 1px solid #ddd;\">GD350-022G\/030P-45-NS<\/td>\n<td style=\"padding: 8px; border: 1px solid #ddd;\">619 \u00d7 318 \u00d7 290<\/td>\n<td style=\"padding: 8px; border: 1px solid #ddd;\">45<\/td>\n<\/tr>\n<tr style=\"text-align: center;\">\n<td style=\"padding: 8px; border: 1px solid #ddd;\">GD350-030G\/037P-45-AS<\/td>\n<td style=\"padding: 8px; border: 1px solid #ddd;\">829.8 \u00d7 338 \u00d7 289.7<\/td>\n<td style=\"padding: 8px; border: 1px solid #ddd;\">60<\/td>\n<\/tr>\n<tr style=\"text-align: center; background: #f1f1f1;\">\n<td style=\"padding: 8px; border: 1px solid #ddd;\">GD350-030G\/037P-45-NS<\/td>\n<td style=\"padding: 8px; border: 1px solid #ddd;\">829.8 \u00d7 338 \u00d7 289.7<\/td>\n<td style=\"padding: 8px; border: 1px solid #ddd;\">60<\/td>\n<\/tr>\n<tr style=\"text-align: center;\">\n<td style=\"padding: 8px; border: 1px solid #ddd;\">GD350-037G\/045P-45-AS<\/td>\n<td style=\"padding: 8px; border: 1px solid #ddd;\">829.8 \u00d7 338 \u00d7 336.7<\/td>\n<td style=\"padding: 8px; border: 1px solid #ddd;\">75<\/td>\n<\/tr>\n<tr style=\"text-align: center; background: #f1f1f1;\">\n<td style=\"padding: 8px; border: 1px solid #ddd;\">GD350-037G\/045P-45-NS<\/td>\n<td style=\"padding: 8px; border: 1px solid #ddd;\">829.8 \u00d7 338 \u00d7 336.7<\/td>\n<td style=\"padding: 8px; border: 1px solid #ddd;\">75<\/td>\n<\/tr>\n<tr style=\"text-align: center;\">\n<td style=\"padding: 8px; border: 1px solid #ddd;\">GD350-045G\/055P-45-AS<\/td>\n<td style=\"padding: 8px; border: 1px solid #ddd;\">825.3 \u00d7 370 \u00d7 335<\/td>\n<td style=\"padding: 8px; border: 1px solid #ddd;\">92<\/td>\n<\/tr>\n<tr style=\"text-align: center; background: #f1f1f1;\">\n<td style=\"padding: 8px; border: 1px solid #ddd;\">GD350-045G\/055P-45-NS<\/td>\n<td style=\"padding: 8px; border: 1px solid #ddd;\">825.3 \u00d7 370 \u00d7 335<\/td>\n<td style=\"padding: 8px; border: 1px solid #ddd;\">92<\/td>\n<\/tr>\n<tr style=\"text-align: center;\">\n<td style=\"padding: 8px; border: 1px solid #ddd;\">GD350-045G\/055P-45-AS-B<\/td>\n<td style=\"padding: 8px; border: 1px solid #ddd;\">825.3 \u00d7 370 \u00d7 335<\/td>\n<td style=\"padding: 8px; border: 1px solid #ddd;\">92<\/td>\n<\/tr>\n<tr style=\"text-align: center; background: #f1f1f1;\">\n<td style=\"padding: 8px; border: 1px solid #ddd;\">GD350-045G\/055P-45-NS-B<\/td>\n<td style=\"padding: 8px; border: 1px solid #ddd;\">825.3 \u00d7 370 \u00d7 335<\/td>\n<td style=\"padding: 8px; border: 1px solid #ddd;\">92<\/td>\n<\/tr>\n<tr style=\"text-align: center;\">\n<td style=\"padding: 8px; border: 1px solid #ddd;\">GD350-055G\/075P-45-AS<\/td>\n<td style=\"padding: 8px; border: 1px solid #ddd;\">825.3 \u00d7 370 \u00d7 382<\/td>\n<td style=\"padding: 8px; border: 1px solid #ddd;\">115<\/td>\n<\/tr>\n<tr style=\"text-align: center; background: #f1f1f1;\">\n<td style=\"padding: 8px; border: 1px solid #ddd;\">GD350-055G\/075P-45-NS<\/td>\n<td style=\"padding: 8px; border: 1px solid #ddd;\">825.3 \u00d7 370 \u00d7 382<\/td>\n<td style=\"padding: 8px; border: 1px solid #ddd;\">115<\/td>\n<\/tr>\n<tr style=\"text-align: center;\">\n<td style=\"padding: 8px; border: 1px solid #ddd;\">GD350-075G\/090P-45-AS<\/td>\n<td style=\"padding: 8px; border: 1px solid #ddd;\">825.3 \u00d7 370 \u00d7 382<\/td>\n<td style=\"padding: 8px; border: 1px solid #ddd;\">150<\/td>\n<\/tr>\n<tr style=\"text-align: center; background: #f1f1f1;\">\n<td style=\"padding: 8px; border: 1px solid #ddd;\">GD350-075G\/090P-45-NS<\/td>\n<td style=\"padding: 8px; border: 1px solid #ddd;\">825.3 \u00d7 370 \u00d7 382<\/td>\n<td style=\"padding: 8px; border: 1px solid #ddd;\">150<\/td>\n<\/tr>\n<tr style=\"text-align: center;\">\n<td style=\"padding: 8px; border: 1px solid #ddd;\">GD350-090G\/110P-45-AS<\/td>\n<td style=\"padding: 8px; border: 1px solid #ddd;\">825.3 \u00d7 370 \u00d7 382<\/td>\n<td style=\"padding: 8px; border: 1px solid #ddd;\">180<\/td>\n<\/tr>\n<tr style=\"text-align: center; background: #f1f1f1;\">\n<td style=\"padding: 8px; border: 1px solid #ddd;\">GD350-090G\/110P-45-NS<\/td>\n<td style=\"padding: 8px; border: 1px solid #ddd;\">825.3 \u00d7 370 \u00d7 382<\/td>\n<td style=\"padding: 8px; border: 1px solid #ddd;\">180<\/td>\n<\/tr>\n<tr style=\"text-align: center;\">\n<td style=\"padding: 8px; border: 1px solid #ddd;\">GD350-110G-45-AS<\/td>\n<td style=\"padding: 8px; border: 1px solid #ddd;\">825.3 \u00d7 370 \u00d7 382<\/td>\n<td style=\"padding: 8px; border: 1px solid #ddd;\">215<\/td>\n<\/tr>\n<tr style=\"text-align: center; background: #f1f1f1;\">\n<td style=\"padding: 8px; border: 1px solid #ddd;\">GD350-110G-45-NS<\/td>\n<td style=\"padding: 8px; border: 1px solid #ddd;\">825.3 \u00d7 370 \u00d7 382<\/td>\n<td style=\"padding: 8px; border: 1px solid #ddd;\">215<\/td>\n<\/tr>\n<\/tbody>\n<\/table>\n<\/div>\n<\/div>\n<\/div>\n\t\t<\/div><\/div><\/div><\/div>","protected":false},"excerpt":{"rendered":"<p>GD350 so popolnoma nova, visokozmogljiva serija frekven\u010dnih pretvornikov, ki vklju\u010duje nadzor hitrosti, navora in polo\u017eaja. Je \u0161iroko uporabna za krmiljenje sinhronskih in asinhronskih motorjev. Nudi tudi razli\u010dne raz\u0161iritvene mo\u017enosti s [&hellip;]<\/p>\n","protected":false},"author":1,"featured_media":0,"parent":0,"menu_order":0,"comment_status":"closed","ping_status":"closed","template":"","meta":{"footnotes":""},"class_list":["post-123","page","type-page","status-publish","hentry"],"_links":{"self":[{"href":"https:\/\/invt-drives.com\/index.php\/wp-json\/wp\/v2\/pages\/123","targetHints":{"allow":["GET"]}}],"collection":[{"href":"https:\/\/invt-drives.com\/index.php\/wp-json\/wp\/v2\/pages"}],"about":[{"href":"https:\/\/invt-drives.com\/index.php\/wp-json\/wp\/v2\/types\/page"}],"author":[{"embeddable":true,"href":"https:\/\/invt-drives.com\/index.php\/wp-json\/wp\/v2\/users\/1"}],"replies":[{"embeddable":true,"href":"https:\/\/invt-drives.com\/index.php\/wp-json\/wp\/v2\/comments?post=123"}],"version-history":[{"count":33,"href":"https:\/\/invt-drives.com\/index.php\/wp-json\/wp\/v2\/pages\/123\/revisions"}],"predecessor-version":[{"id":161,"href":"https:\/\/invt-drives.com\/index.php\/wp-json\/wp\/v2\/pages\/123\/revisions\/161"}],"wp:attachment":[{"href":"https:\/\/invt-drives.com\/index.php\/wp-json\/wp\/v2\/media?parent=123"}],"curies":[{"name":"wp","href":"https:\/\/api.w.org\/{rel}","templated":true}]}}